{"id":9,"date":"2025-11-27T13:25:38","date_gmt":"2025-11-27T13:25:38","guid":{"rendered":"https:\/\/chema.freeclickcol.com\/?page_id=9"},"modified":"2025-11-27T15:08:47","modified_gmt":"2025-11-27T15:08:47","slug":"inicio","status":"publish","type":"page","link":"https:\/\/chema.freeclickcol.com\/","title":{"rendered":"Inicio"},"content":{"rendered":"\t\t<div data-elementor-type=\"wp-page\" data-elementor-id=\"9\" class=\"elementor elementor-9\" data-elementor-post-type=\"page\">\n\t\t\t\t<div class=\"elementor-element elementor-element-1a7306f e-con-full e-flex e-con e-parent\" data-id=\"1a7306f\" data-element_type=\"container\" data-settings=\"{&quot;background_background&quot;:&quot;classic&quot;}\">\n\t\t<div class=\"elementor-element elementor-element-9de7205 e-con-full e-flex e-con e-child\" data-id=\"9de7205\" data-element_type=\"container\">\n\t\t\t\t<div class=\"elementor-element elementor-element-db69d4b elementor-widget elementor-widget-heading\" data-id=\"db69d4b\" data-element_type=\"widget\" data-widget_type=\"heading.default\">\n\t\t\t\t\t<h1 class=\"elementor-heading-title elementor-size-default\">Soy Chema Gonz\u00e1lez<\/h1>\t\t\t\t<\/div>\n\t\t\t\t<div class=\"elementor-element elementor-element-2217b69 elementor-widget elementor-widget-text-editor\" data-id=\"2217b69\" data-element_type=\"widget\" data-widget_type=\"text-editor.default\">\n\t\t\t\t\t\t\t\t\t<p>Consultor de restaurantes y asesor gastron\u00f3mico que ha vivido tu negocio desde dentro.<\/p>\t\t\t\t\t\t\t\t<\/div>\n\t\t\t\t<div class=\"elementor-element elementor-element-ff4c17e elementor-mobile-align-center elementor-widget elementor-widget-button\" data-id=\"ff4c17e\" data-element_type=\"widget\" data-widget_type=\"button.default\">\n\t\t\t\t\t\t\t\t\t\t<a class=\"elementor-button elementor-button-link elementor-size-sm\" href=\"#\">\n\t\t\t\t\t\t<span class=\"elementor-button-content-wrapper\">\n\t\t\t\t\t\t<span class=\"elementor-button-icon\">\n\t\t\t\t<svg aria-hidden=\"true\" class=\"e-font-icon-svg e-fab-whatsapp\" viewBox=\"0 0 448 512\" xmlns=\"http:\/\/www.w3.org\/2000\/svg\"><path d=\"M380.9 97.1C339 55.1 283.2 32 223.9 32c-122.4 0-222 99.6-222 222 0 39.1 10.2 77.3 29.6 111L0 480l117.7-30.9c32.4 17.7 68.9 27 106.1 27h.1c122.3 0 224.1-99.6 224.1-222 0-59.3-25.2-115-67.1-157zm-157 341.6c-33.2 0-65.7-8.9-94-25.7l-6.7-4-69.8 18.3L72 359.2l-4.4-7c-18.5-29.4-28.2-63.3-28.2-98.2 0-101.7 82.8-184.5 184.6-184.5 49.3 0 95.6 19.2 130.4 54.1 34.8 34.9 56.2 81.2 56.1 130.5 0 101.8-84.9 184.6-186.6 184.6zm101.2-138.2c-5.5-2.8-32.8-16.2-37.9-18-5.1-1.9-8.8-2.8-12.5 2.8-3.7 5.6-14.3 18-17.6 21.8-3.2 3.7-6.5 4.2-12 1.4-32.6-16.3-54-29.1-75.5-66-5.7-9.8 5.7-9.1 16.3-30.3 1.8-3.7.9-6.9-.5-9.7-1.4-2.8-12.5-30.1-17.1-41.2-4.5-10.8-9.1-9.3-12.5-9.5-3.2-.2-6.9-.2-10.6-.2-3.7 0-9.7 1.4-14.8 6.9-5.1 5.6-19.4 19-19.4 46.3 0 27.3 19.9 53.7 22.6 57.4 2.8 3.7 39.1 59.7 94.8 83.8 35.2 15.2 49 16.5 66.6 13.9 10.7-1.6 32.8-13.4 37.4-26.4 4.6-13 4.6-24.1 3.2-26.4-1.3-2.5-5-3.9-10.5-6.6z\"><\/path><\/svg>\t\t\t<\/span>\n\t\t\t\t\t\t\t\t\t<span class=\"elementor-button-text\">Agendar contacto<\/span>\n\t\t\t\t\t<\/span>\n\t\t\t\t\t<\/a>\n\t\t\t\t\t\t\t\t<\/div>\n\t\t\t\t<\/div>\n\t\t<div class=\"elementor-element elementor-element-f16b4dd e-con-full e-flex e-con e-child\" data-id=\"f16b4dd\" data-element_type=\"container\">\n\t\t\t\t<div class=\"elementor-element elementor-element-6a074e8 elementor-widget elementor-widget-image\" data-id=\"6a074e8\" data-element_type=\"widget\" data-widget_type=\"image.default\">\n\t\t\t\t\t\t\t\t\t\t\t\t\t\t\t<img fetchpriority=\"high\" decoding=\"async\" width=\"800\" height=\"800\" src=\"https:\/\/chema.freeclickcol.com\/wp-content\/uploads\/2025\/11\/1759357245330.png\" class=\"attachment-full size-full wp-image-44\" alt=\"\" srcset=\"https:\/\/chema.freeclickcol.com\/wp-content\/uploads\/2025\/11\/1759357245330.png 800w, https:\/\/chema.freeclickcol.com\/wp-content\/uploads\/2025\/11\/1759357245330-300x300.png 300w, https:\/\/chema.freeclickcol.com\/wp-content\/uploads\/2025\/11\/1759357245330-150x150.png 150w, https:\/\/chema.freeclickcol.com\/wp-content\/uploads\/2025\/11\/1759357245330-768x768.png 768w\" sizes=\"(max-width: 800px) 100vw, 800px\" \/>\t\t\t\t\t\t\t\t\t\t\t\t\t\t\t<\/div>\n\t\t\t\t<\/div>\n\t\t\t\t<\/div>\n\t\t<div class=\"elementor-element elementor-element-d2b11af e-flex e-con-boxed e-con e-parent\" data-id=\"d2b11af\" data-element_type=\"container\" data-settings=\"{&quot;background_background&quot;:&quot;classic&quot;}\">\n\t\t\t\t\t<div class=\"e-con-inner\">\n\t\t<div class=\"elementor-element elementor-element-553aa9f e-flex e-con-boxed e-con e-child\" data-id=\"553aa9f\" data-element_type=\"container\">\n\t\t\t\t\t<div class=\"e-con-inner\">\n\t\t\t\t<div class=\"elementor-element elementor-element-fbdff69 elementor-widget elementor-widget-heading\" data-id=\"fbdff69\" data-element_type=\"widget\" data-widget_type=\"heading.default\">\n\t\t\t\t\t<h2 class=\"elementor-heading-title elementor-size-default\">Creo en una hosteler\u00eda humana,\n<\/br>rentable y con prop\u00f3sito<\/h2>\t\t\t\t<\/div>\n\t\t\t\t<div class=\"elementor-element elementor-element-ecf7dd6 elementor-widget elementor-widget-text-editor\" data-id=\"ecf7dd6\" data-element_type=\"widget\" data-widget_type=\"text-editor.default\">\n\t\t\t\t\t\t\t\t\t<p>No se trata solo de llenar mesas, sino de construir negocios sostenibles donde los equipos crezcan, los m\u00e1rgenes se respeten y la propuesta gastron\u00f3mica conecte de verdad con el cliente. Mi misi\u00f3n es transformar la hosteler\u00eda desde dentro, con una visi\u00f3n que une estrategia, operaciones y humanidad.<\/p>\t\t\t\t\t\t\t\t<\/div>\n\t\t\t\t<div class=\"elementor-element elementor-element-f687b83 elementor-view-framed elementor-shape-circle elementor-widget elementor-widget-icon\" data-id=\"f687b83\" data-element_type=\"widget\" data-widget_type=\"icon.default\">\n\t\t\t\t\t\t\t<div class=\"elementor-icon-wrapper\">\n\t\t\t<a class=\"elementor-icon\" href=\"#historia\">\n\t\t\t<svg aria-hidden=\"true\" class=\"e-font-icon-svg e-fas-chevron-down\" viewBox=\"0 0 448 512\" xmlns=\"http:\/\/www.w3.org\/2000\/svg\"><path d=\"M207.029 381.476L12.686 187.132c-9.373-9.373-9.373-24.569 0-33.941l22.667-22.667c9.357-9.357 24.522-9.375 33.901-.04L224 284.505l154.745-154.021c9.379-9.335 24.544-9.317 33.901.04l22.667 22.667c9.373 9.373 9.373 24.569 0 33.941L240.971 381.476c-9.373 9.372-24.569 9.372-33.942 0z\"><\/path><\/svg>\t\t\t<\/a>\n\t\t<\/div>\n\t\t\t\t\t\t<\/div>\n\t\t\t\t\t<\/div>\n\t\t\t\t<\/div>\n\t\t\t\t\t<\/div>\n\t\t\t\t<\/div>\n\t\t<div class=\"elementor-element elementor-element-466f519 e-con-full e-flex e-con e-parent\" data-id=\"466f519\" data-element_type=\"container\" data-settings=\"{&quot;background_background&quot;:&quot;classic&quot;}\">\n\t\t\t\t<div class=\"elementor-element elementor-element-c5fd3cd elementor-absolute elementor-widget elementor-widget-image\" data-id=\"c5fd3cd\" data-element_type=\"widget\" data-settings=\"{&quot;_position&quot;:&quot;absolute&quot;}\" data-widget_type=\"image.default\">\n\t\t\t\t\t\t\t\t\t\t\t\t\t\t\t<img decoding=\"async\" width=\"800\" height=\"662\" src=\"https:\/\/chema.freeclickcol.com\/wp-content\/uploads\/2025\/11\/destello-azul.png\" class=\"attachment-large size-large wp-image-26\" alt=\"\" srcset=\"https:\/\/chema.freeclickcol.com\/wp-content\/uploads\/2025\/11\/destello-azul.png 842w, https:\/\/chema.freeclickcol.com\/wp-content\/uploads\/2025\/11\/destello-azul-300x248.png 300w, https:\/\/chema.freeclickcol.com\/wp-content\/uploads\/2025\/11\/destello-azul-768x636.png 768w\" sizes=\"(max-width: 800px) 100vw, 800px\" \/>\t\t\t\t\t\t\t\t\t\t\t\t\t\t\t<\/div>\n\t\t<div class=\"elementor-element elementor-element-3459502 e-flex e-con-boxed e-con e-child\" data-id=\"3459502\" data-element_type=\"container\">\n\t\t\t\t\t<div class=\"e-con-inner\">\n\t\t<div class=\"elementor-element elementor-element-f3ffc98 e-flex e-con-boxed e-con e-child\" data-id=\"f3ffc98\" data-element_type=\"container\" id=\"historia\">\n\t\t\t\t\t<div class=\"e-con-inner\">\n\t\t\t\t<div class=\"elementor-element elementor-element-f36f13e elementor-widget elementor-widget-heading\" data-id=\"f36f13e\" data-element_type=\"widget\" data-widget_type=\"heading.default\">\n\t\t\t\t\t<h2 class=\"elementor-heading-title elementor-size-default\">Mi historia<\/h2>\t\t\t\t<\/div>\n\t\t\t\t<div class=\"elementor-element elementor-element-9d42db7 elementor-widget elementor-widget-text-editor\" data-id=\"9d42db7\" data-element_type=\"widget\" data-widget_type=\"text-editor.default\">\n\t\t\t\t\t\t\t\t\t<p>Soy Chema Gonz\u00e1lez y llevo m\u00e1s de 20 a\u00f1os transformando la restauraci\u00f3n desde dentro.<\/p><p>Mi camino no empez\u00f3 en una sala de juntas, sino fregando platos. Desde ese primer d\u00eda, entend\u00ed que la excelencia no nace del azar, sino del compromiso diario con cada detalle. He pasado por todos los pelda\u00f1os del sector: cocina, sala, gesti\u00f3n, expansi\u00f3n\u2026 Esa experiencia integral me permite hablar de la hosteler\u00eda no solo con conocimiento, sino con autoridad.<\/p><p>He liderado operaciones con cientos de colaboradores y facturaciones millonarias, redefiniendo modelos de negocio en grupos como Alsea, Compa\u00f1\u00eda del Tr\u00f3pico, Barbillon o WAH. Desde la direcci\u00f3n operativa hasta la estrategia de expansi\u00f3n, mi foco siempre ha sido el mismo: construir marcas s\u00f3lidas, rentables y humanas.<\/p><p>Lo que me distingue no es solo lo que s\u00e9, sino c\u00f3mo lo aplico. Con una visi\u00f3n estrat\u00e9gica, una ejecuci\u00f3n rigurosa y una pasi\u00f3n por la hospitalidad, ayudo a empresas a crecer sin perder su esencia. Mi enfoque es claro: profesionalizar el sector, mejorar la rentabilidad y elevar la experiencia del cliente.<\/p><p>Hoy acompa\u00f1o a l\u00edderes y equipos que quieren dejar huella en el sector. Personas que, como yo, creen que la restauraci\u00f3n no es solo un negocio: es una forma de vida.<\/p>\t\t\t\t\t\t\t\t<\/div>\n\t\t\t\t\t<\/div>\n\t\t\t\t<\/div>\n\t\t<div class=\"elementor-element elementor-element-ba8802b e-flex e-con-boxed e-con e-child\" data-id=\"ba8802b\" data-element_type=\"container\">\n\t\t\t\t\t<div class=\"e-con-inner\">\n\t\t\t\t<div class=\"elementor-element elementor-element-31833b8 elementor-widget elementor-widget-image\" data-id=\"31833b8\" data-element_type=\"widget\" data-widget_type=\"image.default\">\n\t\t\t\t\t\t\t\t\t\t\t\t\t\t\t<img decoding=\"async\" width=\"363\" height=\"352\" src=\"https:\/\/chema.freeclickcol.com\/wp-content\/uploads\/2025\/11\/Chema-historia.png\" class=\"attachment-large size-large wp-image-22\" alt=\"\" srcset=\"https:\/\/chema.freeclickcol.com\/wp-content\/uploads\/2025\/11\/Chema-historia.png 363w, https:\/\/chema.freeclickcol.com\/wp-content\/uploads\/2025\/11\/Chema-historia-300x291.png 300w\" sizes=\"(max-width: 363px) 100vw, 363px\" \/>\t\t\t\t\t\t\t\t\t\t\t\t\t\t\t<\/div>\n\t\t\t\t\t<\/div>\n\t\t\t\t<\/div>\n\t\t\t\t\t<\/div>\n\t\t\t\t<\/div>\n\t\t<div class=\"elementor-element elementor-element-86c620f e-flex e-con-boxed e-con e-child\" data-id=\"86c620f\" data-element_type=\"container\">\n\t\t\t\t\t<div class=\"e-con-inner\">\n\t\t\t\t<div class=\"elementor-element elementor-element-b105a6c elementor-widget elementor-widget-heading\" data-id=\"b105a6c\" data-element_type=\"widget\" data-widget_type=\"heading.default\">\n\t\t\t\t\t<h2 class=\"elementor-heading-title elementor-size-default\">Mis proyectos<\/h2>\t\t\t\t<\/div>\n\t\t<div class=\"elementor-element elementor-element-9f6b9d9 e-con-full e-flex e-con e-child\" data-id=\"9f6b9d9\" data-element_type=\"container\">\n\t\t<div class=\"elementor-element elementor-element-89fdbe7 e-con-full e-flex e-con e-child\" data-id=\"89fdbe7\" data-element_type=\"container\">\n\t\t\t\t<div class=\"elementor-element elementor-element-33e1257 elementor-widget elementor-widget-heading\" data-id=\"33e1257\" data-element_type=\"widget\" data-widget_type=\"heading.default\">\n\t\t\t\t\t<h2 class=\"elementor-heading-title elementor-size-default\">El M\u00e9todo 360<\/h2>\t\t\t\t<\/div>\n\t\t\t\t<div class=\"elementor-element elementor-element-fdc74cf elementor-widget elementor-widget-text-editor\" data-id=\"fdc74cf\" data-element_type=\"widget\" data-widget_type=\"text-editor.default\">\n\t\t\t\t\t\t\t\t\t<p>Mi servicio de asesor\u00eda gastron\u00f3mica dise\u00f1ado para propietarios de restaurantes. Aplicamos una metodolog\u00eda probada para optimizar tu gesti\u00f3n, controlar costes y mejorar la rentabilidad de tu negocio.<\/p>\t\t\t\t\t\t\t\t<\/div>\n\t\t\t\t<div class=\"elementor-element elementor-element-0521e39 elementor-align-center elementor-widget elementor-widget-button\" data-id=\"0521e39\" data-element_type=\"widget\" data-widget_type=\"button.default\">\n\t\t\t\t\t\t\t\t\t\t<a class=\"elementor-button elementor-button-link elementor-size-sm\" href=\"#\">\n\t\t\t\t\t\t<span class=\"elementor-button-content-wrapper\">\n\t\t\t\t\t\t\t\t\t<span class=\"elementor-button-text\">Conocer m\u00e1s<\/span>\n\t\t\t\t\t<\/span>\n\t\t\t\t\t<\/a>\n\t\t\t\t\t\t\t\t<\/div>\n\t\t\t\t<\/div>\n\t\t<div class=\"elementor-element elementor-element-1d817fb e-con-full e-flex e-con e-child\" data-id=\"1d817fb\" data-element_type=\"container\">\n\t\t\t\t<div class=\"elementor-element elementor-element-6c17526 elementor-widget elementor-widget-heading\" data-id=\"6c17526\" data-element_type=\"widget\" data-widget_type=\"heading.default\">\n\t\t\t\t\t<h2 class=\"elementor-heading-title elementor-size-default\">Consultoria Estrat\u00e9gica<\/h2>\t\t\t\t<\/div>\n\t\t\t\t<div class=\"elementor-element elementor-element-0d8f0ef elementor-widget elementor-widget-text-editor\" data-id=\"0d8f0ef\" data-element_type=\"widget\" data-widget_type=\"text-editor.default\">\n\t\t\t\t\t\t\t\t\t<p>Mi servicio de consultor\u00eda de alto nivel (como CEO\/COO) enfocado en grupos de restauraci\u00f3n. Definimos la estrategia de crecimiento, expansi\u00f3n, operaciones y gesti\u00f3n de tus unidades de negocio.<\/p>\t\t\t\t\t\t\t\t<\/div>\n\t\t\t\t<div class=\"elementor-element elementor-element-5ba9087 elementor-align-center elementor-widget elementor-widget-button\" data-id=\"5ba9087\" data-element_type=\"widget\" data-widget_type=\"button.default\">\n\t\t\t\t\t\t\t\t\t\t<a class=\"elementor-button elementor-button-link elementor-size-sm\" href=\"#\">\n\t\t\t\t\t\t<span class=\"elementor-button-content-wrapper\">\n\t\t\t\t\t\t\t\t\t<span class=\"elementor-button-text\">Conocer m\u00e1s<\/span>\n\t\t\t\t\t<\/span>\n\t\t\t\t\t<\/a>\n\t\t\t\t\t\t\t\t<\/div>\n\t\t\t\t<\/div>\n\t\t<div class=\"elementor-element elementor-element-fd46b29 e-con-full e-flex e-con e-child\" data-id=\"fd46b29\" data-element_type=\"container\">\n\t\t\t\t<div class=\"elementor-element elementor-element-c2b18e8 elementor-widget elementor-widget-heading\" data-id=\"c2b18e8\" data-element_type=\"widget\" data-widget_type=\"heading.default\">\n\t\t\t\t\t<h2 class=\"elementor-heading-title elementor-size-default\">Instituto de Gastronom\u00eda\nIberoamericano<\/h2>\t\t\t\t<\/div>\n\t\t\t\t<div class=\"elementor-element elementor-element-c6c045f elementor-widget elementor-widget-text-editor\" data-id=\"c6c045f\" data-element_type=\"widget\" data-widget_type=\"text-editor.default\">\n\t\t\t\t\t\t\t\t\t<p>El EdTech que he fundado para profesionalizar el sector, con formaci\u00f3n online de primer nivel (B2B y B2C) impartida por los mejores chefs y expertos.<\/p>\t\t\t\t\t\t\t\t<\/div>\n\t\t\t\t<div class=\"elementor-element elementor-element-87d6af0 elementor-align-center elementor-widget elementor-widget-button\" data-id=\"87d6af0\" data-element_type=\"widget\" data-widget_type=\"button.default\">\n\t\t\t\t\t\t\t\t\t\t<a class=\"elementor-button elementor-button-link elementor-size-sm\" href=\"#\">\n\t\t\t\t\t\t<span class=\"elementor-button-content-wrapper\">\n\t\t\t\t\t\t\t\t\t<span class=\"elementor-button-text\">Conocer m\u00e1s<\/span>\n\t\t\t\t\t<\/span>\n\t\t\t\t\t<\/a>\n\t\t\t\t\t\t\t\t<\/div>\n\t\t\t\t<\/div>\n\t\t\t\t<\/div>\n\t\t\t\t\t<\/div>\n\t\t\t\t<\/div>\n\t\t<div class=\"elementor-element elementor-element-6e11e17 e-con-full e-flex e-con e-child\" data-id=\"6e11e17\" data-element_type=\"container\">\n\t\t\t\t<div class=\"elementor-element elementor-element-3ce9aec elementor-widget elementor-widget-heading\" data-id=\"3ce9aec\" data-element_type=\"widget\" data-widget_type=\"heading.default\">\n\t\t\t\t\t<h2 class=\"elementor-heading-title elementor-size-default\">Han confiado en mi<\/h2>\t\t\t\t<\/div>\n\t\t\t\t<div class=\"elementor-element elementor-element-473b415 elementor-widget elementor-widget-html\" data-id=\"473b415\" data-element_type=\"widget\" data-widget_type=\"html.default\">\n\t\t\t\t\t<div class=\"logo-carousel-container\">\r\n    <div class=\"logo-carousel-slide\">\r\n        <ul class=\"logo-list\">\r\n            <li><img decoding=\"async\" src=\"URL_LOGO_1.png\" alt=\"Logo Cliente 1\"><\/li>\r\n            <li><img decoding=\"async\" src=\"URL_LOGO_2.png\" alt=\"Logo Cliente 2\"><\/li>\r\n            <li><img decoding=\"async\" src=\"URL_LOGO_3.png\" alt=\"Logo Cliente 3\"><\/li>\r\n            <li><img decoding=\"async\" src=\"URL_LOGO_4.png\" alt=\"Logo Cliente 4\"><\/li>\r\n            <li><img decoding=\"async\" src=\"URL_LOGO_5.png\" alt=\"Logo Cliente 5\"><\/li>\r\n            <\/ul>\r\n        \r\n        <ul class=\"logo-list\">\r\n            <li><img decoding=\"async\" src=\"URL_LOGO_1.png\" alt=\"Logo Cliente 1\"><\/li>\r\n            <li><img decoding=\"async\" src=\"URL_LOGO_2.png\" alt=\"Logo Cliente 2\"><\/li>\r\n            <li><img decoding=\"async\" src=\"URL_LOGO_3.png\" alt=\"Logo Cliente 3\"><\/li>\r\n            <li><img decoding=\"async\" src=\"URL_LOGO_4.png\" alt=\"Logo Cliente 4\"><\/li>\r\n            <li><img decoding=\"async\" src=\"URL_LOGO_5.png\" alt=\"Logo Cliente 5\"><\/li>\r\n            <\/ul>\r\n    <\/div>\r\n<\/div>\t\t\t\t<\/div>\n\t\t\t\t<\/div>\n\t\t\t\t<div class=\"elementor-element elementor-element-14a6f79 elementor-absolute elementor-widget elementor-widget-image\" data-id=\"14a6f79\" data-element_type=\"widget\" data-settings=\"{&quot;_position&quot;:&quot;absolute&quot;}\" data-widget_type=\"image.default\">\n\t\t\t\t\t\t\t\t\t\t\t\t\t\t\t<img decoding=\"async\" width=\"800\" height=\"662\" src=\"https:\/\/chema.freeclickcol.com\/wp-content\/uploads\/2025\/11\/destello-azul.png\" class=\"attachment-large size-large wp-image-26\" alt=\"\" srcset=\"https:\/\/chema.freeclickcol.com\/wp-content\/uploads\/2025\/11\/destello-azul.png 842w, https:\/\/chema.freeclickcol.com\/wp-content\/uploads\/2025\/11\/destello-azul-300x248.png 300w, https:\/\/chema.freeclickcol.com\/wp-content\/uploads\/2025\/11\/destello-azul-768x636.png 768w\" sizes=\"(max-width: 800px) 100vw, 800px\" \/>\t\t\t\t\t\t\t\t\t\t\t\t\t\t\t<\/div>\n\t\t\t\t<\/div>\n\t\t\t\t<\/div>\n\t\t","protected":false},"excerpt":{"rendered":"<p>Soy Chema Gonz\u00e1lez Consultor de restaurantes y asesor gastron\u00f3mico que ha vivido tu negocio desde dentro. Agendar contacto Creo en una hosteler\u00eda humana, rentable y con prop\u00f3sito No se trata solo de llenar mesas, sino de construir negocios sostenibles donde los equipos crezcan, los m\u00e1rgenes se respeten y la propuesta gastron\u00f3mica conecte de verdad con [&hellip;]<\/p>\n","protected":false},"author":1,"featured_media":0,"parent":0,"menu_order":0,"comment_status":"closed","ping_status":"closed","template":"elementor_header_footer","meta":{"inline_featured_image":false,"footnotes":""},"class_list":["post-9","page","type-page","status-publish","hentry"],"_links":{"self":[{"href":"https:\/\/chema.freeclickcol.com\/index.php?rest_route=\/wp\/v2\/pages\/9","targetHints":{"allow":["GET"]}}],"collection":[{"href":"https:\/\/chema.freeclickcol.com\/index.php?rest_route=\/wp\/v2\/pages"}],"about":[{"href":"https:\/\/chema.freeclickcol.com\/index.php?rest_route=\/wp\/v2\/types\/page"}],"author":[{"embeddable":true,"href":"https:\/\/chema.freeclickcol.com\/index.php?rest_route=\/wp\/v2\/users\/1"}],"replies":[{"embeddable":true,"href":"https:\/\/chema.freeclickcol.com\/index.php?rest_route=%2Fwp%2Fv2%2Fcomments&post=9"}],"version-history":[{"count":35,"href":"https:\/\/chema.freeclickcol.com\/index.php?rest_route=\/wp\/v2\/pages\/9\/revisions"}],"predecessor-version":[{"id":67,"href":"https:\/\/chema.freeclickcol.com\/index.php?rest_route=\/wp\/v2\/pages\/9\/revisions\/67"}],"wp:attachment":[{"href":"https:\/\/chema.freeclickcol.com\/index.php?rest_route=%2Fwp%2Fv2%2Fmedia&parent=9"}],"curies":[{"name":"wp","href":"https:\/\/api.w.org\/{rel}","templated":true}]}}